{"id":25,"date":"2025-07-03T19:34:26","date_gmt":"2025-07-03T19:34:26","guid":{"rendered":"http:\/\/smart-pro.com.ar\/?page_id=25"},"modified":"2025-08-05T14:50:06","modified_gmt":"2025-08-05T14:50:06","slug":"quienes-somos","status":"publish","type":"page","link":"https:\/\/smart-pro.com.ar\/nuevositio\/quienes-somos\/","title":{"rendered":"Quienes Somos"},"content":{"rendered":"\t\t<div data-elementor-type=\"wp-page\" data-elementor-id=\"25\" class=\"elementor elementor-25\" data-elementor-post-type=\"page\">\n\t\t\t\t<div class=\"elementor-element elementor-element-62df970 e-con-full e-flex e-con e-parent\" data-id=\"62df970\" data-element_type=\"container\">\n\t\t\t\t<div class=\"elementor-element elementor-element-3b6d925 elementor-invisible elementor-widget elementor-widget-image\" data-id=\"3b6d925\" data-element_type=\"widget\" data-settings=\"{&quot;_animation&quot;:&quot;fadeInDown&quot;}\" data-widget_type=\"image.default\">\n\t\t\t\t\t\t\t\t\t\t\t\t\t\t\t<img fetchpriority=\"high\" decoding=\"async\" width=\"1921\" height=\"596\" src=\"https:\/\/smart-pro.com.ar\/nuevositio\/wp-content\/uploads\/2025\/07\/Recurso-24-.png\" class=\"attachment-full size-full wp-image-336\" alt=\"Quienes Somos\" srcset=\"https:\/\/smart-pro.com.ar\/nuevositio\/wp-content\/uploads\/2025\/07\/Recurso-24-.png 1921w, https:\/\/smart-pro.com.ar\/nuevositio\/wp-content\/uploads\/2025\/07\/Recurso-24--300x93.png 300w, https:\/\/smart-pro.com.ar\/nuevositio\/wp-content\/uploads\/2025\/07\/Recurso-24--1024x318.png 1024w, https:\/\/smart-pro.com.ar\/nuevositio\/wp-content\/uploads\/2025\/07\/Recurso-24--768x238.png 768w, https:\/\/smart-pro.com.ar\/nuevositio\/wp-content\/uploads\/2025\/07\/Recurso-24--1536x477.png 1536w\" sizes=\"(max-width: 1921px) 100vw, 1921px\" \/>\t\t\t\t\t\t\t\t\t\t\t\t\t\t\t<\/div>\n\t\t\t\t<\/div>\n\t\t<div class=\"elementor-element elementor-element-f2e6a1a e-flex e-con-boxed e-con e-parent\" data-id=\"f2e6a1a\" data-element_type=\"container\">\n\t\t\t\t\t<div class=\"e-con-inner\">\n\t\t<div class=\"elementor-element elementor-element-a52f3cc e-con-full e-flex e-con e-child\" data-id=\"a52f3cc\" data-element_type=\"container\">\n\t\t\t\t<div class=\"elementor-element elementor-element-4d8aa14 elementor-invisible elementor-widget elementor-widget-heading\" data-id=\"4d8aa14\" data-element_type=\"widget\" data-settings=\"{&quot;_animation&quot;:&quot;fadeInLeft&quot;}\" data-widget_type=\"heading.default\">\n\t\t\t\t\t<div class=\"elementor-heading-title elementor-size-default\">Quienes Somos<\/div>\t\t\t\t<\/div>\n\t\t\t\t<\/div>\n\t\t<div class=\"elementor-element elementor-element-abbdb17 e-con-full e-flex e-con e-child\" data-id=\"abbdb17\" data-element_type=\"container\">\n\t\t\t\t<div class=\"elementor-element elementor-element-66a2cf8 elementor-invisible elementor-widget elementor-widget-heading\" data-id=\"66a2cf8\" data-element_type=\"widget\" data-settings=\"{&quot;_animation&quot;:&quot;fadeInRight&quot;}\" data-widget_type=\"heading.default\">\n\t\t\t\t\t<div class=\"elementor-heading-title elementor-size-default\">En SMARTPRO, nos dedicamos a ofrecer soluciones tecnol\u00f3gicas pr\u00e1cticas y rentables para comercios. Con m\u00e1s de 29 a\u00f1os de experiencia en el sector, entendemos c\u00f3mo funciona el negocio y lo que necesitan nuestros clientes: productos de alta rotaci\u00f3n, f\u00e1cil acceso y entrega r\u00e1pida.<\/div>\t\t\t\t<\/div>\n\t\t\t\t<div class=\"elementor-element elementor-element-c6f53ab elementor-invisible elementor-widget elementor-widget-heading\" data-id=\"c6f53ab\" data-element_type=\"widget\" data-settings=\"{&quot;_animation&quot;:&quot;fadeInRight&quot;}\" data-widget_type=\"heading.default\">\n\t\t\t\t\t<div class=\"elementor-heading-title elementor-size-default\">Nos especializamos en la distribuci\u00f3n de telefon\u00eda, accesorios, computaci\u00f3n y m\u00e1s, con un cat\u00e1logo pensado para que nuestros clientes encuentren todo lo que necesitan en un solo proveedor. Creemos en la simplicidad y la eficiencia, por eso ofrecemos un proceso de compra \u00e1gil, sin burocracia y con atenci\u00f3n directa. Nos enorgullece ser el socio que entiende tus necesidades y te ofrece soluciones a medida para tu negocio.<\/div>\t\t\t\t<\/div>\n\t\t\t\t<\/div>\n\t\t\t\t\t<\/div>\n\t\t\t\t<\/div>\n\t\t<div class=\"elementor-element elementor-element-c4b46df e-flex e-con-boxed e-con e-parent\" data-id=\"c4b46df\" data-element_type=\"container\">\n\t\t\t\t\t<div class=\"e-con-inner\">\n\t\t<div class=\"elementor-element elementor-element-9231db1 e-con-full e-flex e-con e-child\" data-id=\"9231db1\" data-element_type=\"container\" data-settings=\"{&quot;background_background&quot;:&quot;classic&quot;}\">\n\t\t\t\t<div class=\"elementor-element elementor-element-9818c79 elementor-invisible elementor-widget elementor-widget-image\" data-id=\"9818c79\" data-element_type=\"widget\" data-settings=\"{&quot;_animation&quot;:&quot;fadeInDown&quot;}\" data-widget_type=\"image.default\">\n\t\t\t\t\t\t\t\t\t\t\t\t\t\t\t<img decoding=\"async\" width=\"44\" height=\"44\" src=\"https:\/\/smart-pro.com.ar\/nuevositio\/wp-content\/uploads\/2025\/07\/Recurso-11-.png\" class=\"attachment-large size-large wp-image-69\" alt=\"\" \/>\t\t\t\t\t\t\t\t\t\t\t\t\t\t\t<\/div>\n\t\t\t\t<div class=\"elementor-element elementor-element-f1f11ff elementor-invisible elementor-widget elementor-widget-heading\" data-id=\"f1f11ff\" data-element_type=\"widget\" data-settings=\"{&quot;_animation&quot;:&quot;fadeIn&quot;}\" data-widget_type=\"heading.default\">\n\t\t\t\t\t<div class=\"elementor-heading-title elementor-size-default\">Relaci\u00f3n directa con importadores<\/div>\t\t\t\t<\/div>\n\t\t\t\t<div class=\"elementor-element elementor-element-aa0efb8 elementor-invisible elementor-widget elementor-widget-text-editor\" data-id=\"aa0efb8\" data-element_type=\"widget\" data-settings=\"{&quot;_animation&quot;:&quot;fadeIn&quot;}\" data-widget_type=\"text-editor.default\">\n\t\t\t\t\t\t\t\t\tTrabajamos con proveedores confiables de alta calidad y compras por volumen, lo que permite mantener stock estable, condiciones predecibles y acceso competitivo.\t\t\t\t\t\t\t\t<\/div>\n\t\t\t\t<\/div>\n\t\t<div class=\"elementor-element elementor-element-26d8aef e-con-full e-flex e-con e-child\" data-id=\"26d8aef\" data-element_type=\"container\" data-settings=\"{&quot;background_background&quot;:&quot;classic&quot;}\">\n\t\t\t\t<div class=\"elementor-element elementor-element-3649717 elementor-invisible elementor-widget elementor-widget-image\" data-id=\"3649717\" data-element_type=\"widget\" data-settings=\"{&quot;_animation&quot;:&quot;fadeInDown&quot;}\" data-widget_type=\"image.default\">\n\t\t\t\t\t\t\t\t\t\t\t\t\t\t\t<img decoding=\"async\" width=\"44\" height=\"44\" src=\"https:\/\/smart-pro.com.ar\/nuevositio\/wp-content\/uploads\/2025\/07\/Recurso-9-.png\" class=\"attachment-large size-large wp-image-67\" alt=\"\" \/>\t\t\t\t\t\t\t\t\t\t\t\t\t\t\t<\/div>\n\t\t\t\t<div class=\"elementor-element elementor-element-395b8e5 elementor-invisible elementor-widget elementor-widget-heading\" data-id=\"395b8e5\" data-element_type=\"widget\" data-settings=\"{&quot;_animation&quot;:&quot;fadeIn&quot;}\" data-widget_type=\"heading.default\">\n\t\t\t\t\t<div class=\"elementor-heading-title elementor-size-default\">Variedad<\/div>\t\t\t\t<\/div>\n\t\t\t\t<div class=\"elementor-element elementor-element-733d1af elementor-invisible elementor-widget elementor-widget-text-editor\" data-id=\"733d1af\" data-element_type=\"widget\" data-settings=\"{&quot;_animation&quot;:&quot;fadeIn&quot;}\" data-widget_type=\"text-editor.default\">\n\t\t\t\t\t\t\t\t\t<p>Ofrecemos una variedad de productos tecnol\u00f3gicos seleccionados para distintos tipos de comercio, con foco en rotaci\u00f3n y rentabilidad.<\/p>\t\t\t\t\t\t\t\t<\/div>\n\t\t\t\t<\/div>\n\t\t<div class=\"elementor-element elementor-element-4c72480 e-con-full e-flex e-con e-child\" data-id=\"4c72480\" data-element_type=\"container\" data-settings=\"{&quot;background_background&quot;:&quot;classic&quot;}\">\n\t\t\t\t<div class=\"elementor-element elementor-element-eebe4fa elementor-invisible elementor-widget elementor-widget-image\" data-id=\"eebe4fa\" data-element_type=\"widget\" data-settings=\"{&quot;_animation&quot;:&quot;fadeInDown&quot;}\" data-widget_type=\"image.default\">\n\t\t\t\t\t\t\t\t\t\t\t\t\t\t\t<img loading=\"lazy\" decoding=\"async\" width=\"44\" height=\"44\" src=\"https:\/\/smart-pro.com.ar\/nuevositio\/wp-content\/uploads\/2025\/07\/Recurso-10-.png\" class=\"attachment-large size-large wp-image-68\" alt=\"\" \/>\t\t\t\t\t\t\t\t\t\t\t\t\t\t\t<\/div>\n\t\t\t\t<div class=\"elementor-element elementor-element-dd9bd8f elementor-invisible elementor-widget elementor-widget-heading\" data-id=\"dd9bd8f\" data-element_type=\"widget\" data-settings=\"{&quot;_animation&quot;:&quot;fadeIn&quot;}\" data-widget_type=\"heading.default\">\n\t\t\t\t\t<div class=\"elementor-heading-title elementor-size-default\">Log\u00edstica Directa<\/div>\t\t\t\t<\/div>\n\t\t\t\t<div class=\"elementor-element elementor-element-aacc473 elementor-invisible elementor-widget elementor-widget-text-editor\" data-id=\"aacc473\" data-element_type=\"widget\" data-settings=\"{&quot;_animation&quot;:&quot;fadeIn&quot;}\" data-widget_type=\"text-editor.default\">\n\t\t\t\t\t\t\t\t\t<p>Recib\u00ed productos a un buen precio sin necesidad de trasladar lidiar con proveedores a distancia. SMARTPRO te brinda los mejores productos directo a tu comercio.<\/p>\t\t\t\t\t\t\t\t<\/div>\n\t\t\t\t<\/div>\n\t\t<div class=\"elementor-element elementor-element-423cf86 e-con-full e-flex e-con e-child\" data-id=\"423cf86\" data-element_type=\"container\" data-settings=\"{&quot;background_background&quot;:&quot;classic&quot;}\">\n\t\t\t\t<div class=\"elementor-element elementor-element-3da1cda elementor-invisible elementor-widget elementor-widget-image\" data-id=\"3da1cda\" data-element_type=\"widget\" data-settings=\"{&quot;_animation&quot;:&quot;fadeInDown&quot;}\" data-widget_type=\"image.default\">\n\t\t\t\t\t\t\t\t\t\t\t\t\t\t\t<img loading=\"lazy\" decoding=\"async\" width=\"44\" height=\"44\" src=\"https:\/\/smart-pro.com.ar\/nuevositio\/wp-content\/uploads\/2025\/07\/Recurso-12-.png\" class=\"attachment-large size-large wp-image-70\" alt=\"\" \/>\t\t\t\t\t\t\t\t\t\t\t\t\t\t\t<\/div>\n\t\t\t\t<div class=\"elementor-element elementor-element-c800696 elementor-invisible elementor-widget elementor-widget-heading\" data-id=\"c800696\" data-element_type=\"widget\" data-settings=\"{&quot;_animation&quot;:&quot;fadeIn&quot;}\" data-widget_type=\"heading.default\">\n\t\t\t\t\t<div class=\"elementor-heading-title elementor-size-default\">Trayectoria<\/div>\t\t\t\t<\/div>\n\t\t\t\t<div class=\"elementor-element elementor-element-64e6bf2 elementor-invisible elementor-widget elementor-widget-text-editor\" data-id=\"64e6bf2\" data-element_type=\"widget\" data-settings=\"{&quot;_animation&quot;:&quot;fadeIn&quot;}\" data-widget_type=\"text-editor.default\">\n\t\t\t\t\t\t\t\t\tContamos con una extensa experiencia operando en telefon\u00eda, tecnolog\u00eda y distribuci\u00f3n mayorista, con conocimiento real del funcionamiento y necesidades del rubro.\t\t\t\t\t\t\t\t<\/div>\n\t\t\t\t<\/div>\n\t\t\t\t\t<\/div>\n\t\t\t\t<\/div>\n\t\t<div class=\"elementor-element elementor-element-1ff9c5f e-flex e-con-boxed e-con e-parent\" data-id=\"1ff9c5f\" data-element_type=\"container\">\n\t\t\t\t\t<div class=\"e-con-inner\">\n\t\t<div class=\"elementor-element elementor-element-d2bb58d e-con-full e-flex e-con e-child\" data-id=\"d2bb58d\" data-element_type=\"container\" data-settings=\"{&quot;background_background&quot;:&quot;classic&quot;}\">\n\t\t\t\t<div class=\"elementor-element elementor-element-e7249a5 elementor-invisible elementor-widget elementor-widget-image\" data-id=\"e7249a5\" data-element_type=\"widget\" data-settings=\"{&quot;_animation&quot;:&quot;fadeInDown&quot;}\" data-widget_type=\"image.default\">\n\t\t\t\t\t\t\t\t\t\t\t\t\t\t\t<img loading=\"lazy\" decoding=\"async\" width=\"47\" height=\"47\" src=\"https:\/\/smart-pro.com.ar\/nuevositio\/wp-content\/uploads\/2025\/07\/Recurso-27-.png\" class=\"attachment-large size-large wp-image-338\" alt=\"\" \/>\t\t\t\t\t\t\t\t\t\t\t\t\t\t\t<\/div>\n\t\t\t\t<div class=\"elementor-element elementor-element-f4030b8 elementor-invisible elementor-widget elementor-widget-heading\" data-id=\"f4030b8\" data-element_type=\"widget\" data-settings=\"{&quot;_animation&quot;:&quot;fadeIn&quot;}\" data-widget_type=\"heading.default\">\n\t\t\t\t\t<div class=\"elementor-heading-title elementor-size-default\">Flexibilidad<\/div>\t\t\t\t<\/div>\n\t\t\t\t<div class=\"elementor-element elementor-element-b98b955 elementor-invisible elementor-widget elementor-widget-text-editor\" data-id=\"b98b955\" data-element_type=\"widget\" data-settings=\"{&quot;_animation&quot;:&quot;fadeIn&quot;}\" data-widget_type=\"text-editor.default\">\n\t\t\t\t\t\t\t\t\t<p>La estructura de la empresa permite adaptarse a la realidad de kioscos, casas de tecnolog\u00eda, bazares, negocios de computacion e incluso consumidores finales.<\/p>\t\t\t\t\t\t\t\t<\/div>\n\t\t\t\t<\/div>\n\t\t<div class=\"elementor-element elementor-element-e504db5 e-con-full e-flex e-con e-child\" data-id=\"e504db5\" data-element_type=\"container\" data-settings=\"{&quot;background_background&quot;:&quot;classic&quot;}\">\n\t\t\t\t<div class=\"elementor-element elementor-element-a26fcbf elementor-invisible elementor-widget elementor-widget-image\" data-id=\"a26fcbf\" data-element_type=\"widget\" data-settings=\"{&quot;_animation&quot;:&quot;fadeInDown&quot;}\" data-widget_type=\"image.default\">\n\t\t\t\t\t\t\t\t\t\t\t\t\t\t\t<img loading=\"lazy\" decoding=\"async\" width=\"46\" height=\"47\" src=\"https:\/\/smart-pro.com.ar\/nuevositio\/wp-content\/uploads\/2025\/07\/Recurso-25-.png\" class=\"attachment-large size-large wp-image-339\" alt=\"\" \/>\t\t\t\t\t\t\t\t\t\t\t\t\t\t\t<\/div>\n\t\t\t\t<div class=\"elementor-element elementor-element-2e3e0ed elementor-invisible elementor-widget elementor-widget-heading\" data-id=\"2e3e0ed\" data-element_type=\"widget\" data-settings=\"{&quot;_animation&quot;:&quot;fadeIn&quot;}\" data-widget_type=\"heading.default\">\n\t\t\t\t\t<div class=\"elementor-heading-title elementor-size-default\">Precio \/ Calidad<\/div>\t\t\t\t<\/div>\n\t\t\t\t<div class=\"elementor-element elementor-element-51cc17b elementor-invisible elementor-widget elementor-widget-text-editor\" data-id=\"51cc17b\" data-element_type=\"widget\" data-settings=\"{&quot;_animation&quot;:&quot;fadeIn&quot;}\" data-widget_type=\"text-editor.default\">\n\t\t\t\t\t\t\t\t\tSMARTPRO ofrece productos de alta calidad a precios competitivos, garantizando que cada compra sea una inversi\u00f3n inteligente.\t\t\t\t\t\t\t\t<\/div>\n\t\t\t\t<\/div>\n\t\t<div class=\"elementor-element elementor-element-722c6c1 e-con-full e-flex e-con e-child\" data-id=\"722c6c1\" data-element_type=\"container\" data-settings=\"{&quot;background_background&quot;:&quot;classic&quot;}\">\n\t\t\t\t<div class=\"elementor-element elementor-element-575eaae elementor-invisible elementor-widget elementor-widget-image\" data-id=\"575eaae\" data-element_type=\"widget\" data-settings=\"{&quot;_animation&quot;:&quot;fadeInDown&quot;}\" data-widget_type=\"image.default\">\n\t\t\t\t\t\t\t\t\t\t\t\t\t\t\t<img loading=\"lazy\" decoding=\"async\" width=\"47\" height=\"47\" src=\"https:\/\/smart-pro.com.ar\/nuevositio\/wp-content\/uploads\/2025\/07\/Recurso-26-.png\" class=\"attachment-large size-large wp-image-340\" alt=\"\" \/>\t\t\t\t\t\t\t\t\t\t\t\t\t\t\t<\/div>\n\t\t\t\t<div class=\"elementor-element elementor-element-764d9ca elementor-invisible elementor-widget elementor-widget-heading\" data-id=\"764d9ca\" data-element_type=\"widget\" data-settings=\"{&quot;_animation&quot;:&quot;fadeIn&quot;}\" data-widget_type=\"heading.default\">\n\t\t\t\t\t<div class=\"elementor-heading-title elementor-size-default\">Asesoramiento<\/div>\t\t\t\t<\/div>\n\t\t\t\t<div class=\"elementor-element elementor-element-c8352bd elementor-invisible elementor-widget elementor-widget-text-editor\" data-id=\"c8352bd\" data-element_type=\"widget\" data-settings=\"{&quot;_animation&quot;:&quot;fadeIn&quot;}\" data-widget_type=\"text-editor.default\">\n\t\t\t\t\t\t\t\t\t<p>Estamos para ayudarte a tomar decisiones informadas. Te ofrecemos las mejores opciones sin intermediarios.<\/p>\t\t\t\t\t\t\t\t<\/div>\n\t\t\t\t<\/div>\n\t\t<div class=\"elementor-element elementor-element-8fa0d66 e-con-full e-flex e-con e-child\" data-id=\"8fa0d66\" data-element_type=\"container\" data-settings=\"{&quot;background_background&quot;:&quot;classic&quot;}\">\n\t\t\t\t<div class=\"elementor-element elementor-element-9ae6e1b elementor-invisible elementor-widget elementor-widget-image\" data-id=\"9ae6e1b\" data-element_type=\"widget\" data-settings=\"{&quot;_animation&quot;:&quot;fadeInDown&quot;}\" data-widget_type=\"image.default\">\n\t\t\t\t\t\t\t\t\t\t\t\t\t\t\t<img loading=\"lazy\" decoding=\"async\" width=\"46\" height=\"47\" src=\"https:\/\/smart-pro.com.ar\/nuevositio\/wp-content\/uploads\/2025\/07\/Recurso-28-.png\" class=\"attachment-large size-large wp-image-341\" alt=\"\" \/>\t\t\t\t\t\t\t\t\t\t\t\t\t\t\t<\/div>\n\t\t\t\t<div class=\"elementor-element elementor-element-c34137a elementor-invisible elementor-widget elementor-widget-heading\" data-id=\"c34137a\" data-element_type=\"widget\" data-settings=\"{&quot;_animation&quot;:&quot;fadeIn&quot;}\" data-widget_type=\"heading.default\">\n\t\t\t\t\t<div class=\"elementor-heading-title elementor-size-default\">Al  tanto de las \u00daltimas Novedades<\/div>\t\t\t\t<\/div>\n\t\t\t\t<div class=\"elementor-element elementor-element-685f146 elementor-invisible elementor-widget elementor-widget-text-editor\" data-id=\"685f146\" data-element_type=\"widget\" data-settings=\"{&quot;_animation&quot;:&quot;fadeIn&quot;}\" data-widget_type=\"text-editor.default\">\n\t\t\t\t\t\t\t\t\t<p>En SMARTPRO nos mantenemos al tanto de las \u00faltimas tendencias y avances en tecnolog\u00eda para asegurarnos de que tu negocio siempre cuente con los productos m\u00e1s demandados.<\/p>\t\t\t\t\t\t\t\t<\/div>\n\t\t\t\t<\/div>\n\t\t\t\t\t<\/div>\n\t\t\t\t<\/div>\n\t\t\t\t<\/div>\n\t\t","protected":false},"excerpt":{"rendered":"<p>Quienes Somos En SMARTPRO, nos dedicamos a ofrecer soluciones tecnol\u00f3gicas pr\u00e1cticas y rentables para comercios. Con m\u00e1s de 29 a\u00f1os [&hellip;]<\/p>\n","protected":false},"author":3,"featured_media":0,"parent":0,"menu_order":0,"comment_status":"closed","ping_status":"closed","template":"","meta":{"site-sidebar-layout":"no-sidebar","site-content-layout":"","ast-site-content-layout":"full-width-container","site-content-style":"default","site-sidebar-style":"default","ast-global-header-display":"","ast-banner-title-visibility":"","ast-main-header-display":"","ast-hfb-above-header-display":"","ast-hfb-below-header-display":"","ast-hfb-mobile-header-display":"","site-post-title":"disabled","ast-breadcrumbs-content":"","ast-featured-img":"disabled","footer-sml-layout":"","theme-transparent-header-meta":"","adv-header-id-meta":"","stick-header-meta":"","header-above-stick-meta":"","header-main-stick-meta":"","header-below-stick-meta":"","astra-migrate-meta-layouts":"default","ast-page-background-enabled":"default","ast-page-background-meta":{"desktop":{"background-color":"var(--ast-global-color-5)","background-image":"","background-repeat":"repeat","background-position":"center center","background-size":"auto","background-attachment":"scroll","background-type":"","background-media":"","overlay-type":"","overlay-color":"","overlay-opacity":"","overlay-gradient":""},"tablet":{"background-color":"","background-image":"","background-repeat":"repeat","background-position":"center center","background-size":"auto","background-attachment":"scroll","background-type":"","background-media":"","overlay-type":"","overlay-color":"","overlay-opacity":"","overlay-gradient":""},"mobile":{"background-color":"","background-image":"","background-repeat":"repeat","background-position":"center center","background-size":"auto","background-attachment":"scroll","background-type":"","background-media":"","overlay-type":"","overlay-color":"","overlay-opacity":"","overlay-gradient":""}},"ast-content-background-meta":{"desktop":{"background-color":"var(--ast-global-color-4)","background-image":"","background-repeat":"repeat","background-position":"center center","background-size":"auto","background-attachment":"scroll","background-type":"","background-media":"","overlay-type":"","overlay-color":"","overlay-opacity":"","overlay-gradient":""},"tablet":{"background-color":"var(--ast-global-color-4)","background-image":"","background-repeat":"repeat","background-position":"center center","background-size":"auto","background-attachment":"scroll","background-type":"","background-media":"","overlay-type":"","overlay-color":"","overlay-opacity":"","overlay-gradient":""},"mobile":{"background-color":"var(--ast-global-color-4)","background-image":"","background-repeat":"repeat","background-position":"center center","background-size":"auto","background-attachment":"scroll","background-type":"","background-media":"","overlay-type":"","overlay-color":"","overlay-opacity":"","overlay-gradient":""}},"footnotes":""},"class_list":["post-25","page","type-page","status-publish","hentry"],"_links":{"self":[{"href":"https:\/\/smart-pro.com.ar\/nuevositio\/wp-json\/wp\/v2\/pages\/25","targetHints":{"allow":["GET"]}}],"collection":[{"href":"https:\/\/smart-pro.com.ar\/nuevositio\/wp-json\/wp\/v2\/pages"}],"about":[{"href":"https:\/\/smart-pro.com.ar\/nuevositio\/wp-json\/wp\/v2\/types\/page"}],"author":[{"embeddable":true,"href":"https:\/\/smart-pro.com.ar\/nuevositio\/wp-json\/wp\/v2\/users\/3"}],"replies":[{"embeddable":true,"href":"https:\/\/smart-pro.com.ar\/nuevositio\/wp-json\/wp\/v2\/comments?post=25"}],"version-history":[{"count":5,"href":"https:\/\/smart-pro.com.ar\/nuevositio\/wp-json\/wp\/v2\/pages\/25\/revisions"}],"predecessor-version":[{"id":422,"href":"https:\/\/smart-pro.com.ar\/nuevositio\/wp-json\/wp\/v2\/pages\/25\/revisions\/422"}],"wp:attachment":[{"href":"https:\/\/smart-pro.com.ar\/nuevositio\/wp-json\/wp\/v2\/media?parent=25"}],"curies":[{"name":"wp","href":"https:\/\/api.w.org\/{rel}","templated":true}]}}