{"id":27,"date":"2025-07-03T19:34:34","date_gmt":"2025-07-03T19:34:34","guid":{"rendered":"http:\/\/smart-pro.com.ar\/?page_id=27"},"modified":"2025-08-05T15:01:26","modified_gmt":"2025-08-05T15:01:26","slug":"novedades","status":"publish","type":"page","link":"https:\/\/smart-pro.com.ar\/nuevositio\/novedades\/","title":{"rendered":"Novedades"},"content":{"rendered":"\t\t<div data-elementor-type=\"wp-page\" data-elementor-id=\"27\" class=\"elementor elementor-27\" data-elementor-post-type=\"page\">\n\t\t\t\t<div class=\"elementor-element elementor-element-17fa44d e-flex e-con-boxed e-con e-parent\" data-id=\"17fa44d\" data-element_type=\"container\" data-settings=\"{&quot;background_background&quot;:&quot;classic&quot;}\">\n\t\t\t\t\t<div class=\"e-con-inner\">\n\t\t\t\t<div class=\"elementor-element elementor-element-61c42ee elementor-invisible elementor-widget elementor-widget-heading\" data-id=\"61c42ee\" data-element_type=\"widget\" data-settings=\"{&quot;_animation&quot;:&quot;fadeInLeft&quot;}\" data-widget_type=\"heading.default\">\n\t\t\t\t\t<div class=\"elementor-heading-title elementor-size-default\">Novedades<\/div>\t\t\t\t<\/div>\n\t\t\t\t<div class=\"elementor-element elementor-element-0a37aef elementor-grid-3 elementor-grid-tablet-2 elementor-grid-mobile-1 elementor-posts--thumbnail-top elementor-widget elementor-widget-posts\" data-id=\"0a37aef\" data-element_type=\"widget\" data-settings=\"{&quot;classic_columns&quot;:&quot;3&quot;,&quot;classic_columns_tablet&quot;:&quot;2&quot;,&quot;classic_columns_mobile&quot;:&quot;1&quot;,&quot;classic_row_gap&quot;:{&quot;unit&quot;:&quot;px&quot;,&quot;size&quot;:35,&quot;sizes&quot;:[]},&quot;classic_row_gap_tablet&quot;:{&quot;unit&quot;:&quot;px&quot;,&quot;size&quot;:&quot;&quot;,&quot;sizes&quot;:[]},&quot;classic_row_gap_mobile&quot;:{&quot;unit&quot;:&quot;px&quot;,&quot;size&quot;:&quot;&quot;,&quot;sizes&quot;:[]}}\" data-widget_type=\"posts.classic\">\n\t\t\t\t<div class=\"elementor-widget-container\">\n\t\t\t\t\t\t\t<div class=\"elementor-posts-container elementor-posts elementor-posts--skin-classic elementor-grid\" role=\"list\">\n\t\t\t\t<article class=\"elementor-post elementor-grid-item post-123 post type-post status-publish format-standard has-post-thumbnail hentry category-destacado category-novedades\" role=\"listitem\">\n\t\t\t\t<a class=\"elementor-post__thumbnail__link\" href=\"https:\/\/smart-pro.com.ar\/nuevositio\/todo-lo-que-tenes-que-saber-para-elegir-tu-proximo-celular\/\" tabindex=\"-1\" >\n\t\t\t<div class=\"elementor-post__thumbnail\"><img fetchpriority=\"high\" decoding=\"async\" width=\"1241\" height=\"471\" src=\"https:\/\/smart-pro.com.ar\/nuevositio\/wp-content\/uploads\/2025\/07\/Recurso-32-.png\" class=\"attachment-full size-full wp-image-360\" alt=\"\" srcset=\"https:\/\/smart-pro.com.ar\/nuevositio\/wp-content\/uploads\/2025\/07\/Recurso-32-.png 1241w, https:\/\/smart-pro.com.ar\/nuevositio\/wp-content\/uploads\/2025\/07\/Recurso-32--300x114.png 300w, https:\/\/smart-pro.com.ar\/nuevositio\/wp-content\/uploads\/2025\/07\/Recurso-32--1024x389.png 1024w, https:\/\/smart-pro.com.ar\/nuevositio\/wp-content\/uploads\/2025\/07\/Recurso-32--768x291.png 768w\" sizes=\"(max-width: 1241px) 100vw, 1241px\" \/><\/div>\n\t\t<\/a>\n\t\t\t\t<div class=\"elementor-post__text\">\n\t\t\t\t<h3 class=\"elementor-post__title\">\n\t\t\t<a href=\"https:\/\/smart-pro.com.ar\/nuevositio\/todo-lo-que-tenes-que-saber-para-elegir-tu-proximo-celular\/\" >\n\t\t\t\tTodo lo que ten\u00e9s que saber para elegir tu pr\u00f3ximo celular\t\t\t<\/a>\n\t\t<\/h3>\n\t\t\t\t<\/div>\n\t\t\t\t<\/article>\n\t\t\t\t<article class=\"elementor-post elementor-grid-item post-121 post type-post status-publish format-standard has-post-thumbnail hentry category-destacado category-novedades\" role=\"listitem\">\n\t\t\t\t<a class=\"elementor-post__thumbnail__link\" href=\"https:\/\/smart-pro.com.ar\/nuevositio\/queres-empezar-a-vender-articulos-de-tecnologia-esto-es-lo-que-no-puede-faltar-en-tu-local\/\" tabindex=\"-1\" >\n\t\t\t<div class=\"elementor-post__thumbnail\"><img decoding=\"async\" width=\"372\" height=\"320\" src=\"https:\/\/smart-pro.com.ar\/nuevositio\/wp-content\/uploads\/2025\/07\/Recurso-30-.png\" class=\"attachment-full size-full wp-image-118\" alt=\"\" srcset=\"https:\/\/smart-pro.com.ar\/nuevositio\/wp-content\/uploads\/2025\/07\/Recurso-30-.png 372w, https:\/\/smart-pro.com.ar\/nuevositio\/wp-content\/uploads\/2025\/07\/Recurso-30--300x258.png 300w\" sizes=\"(max-width: 372px) 100vw, 372px\" \/><\/div>\n\t\t<\/a>\n\t\t\t\t<div class=\"elementor-post__text\">\n\t\t\t\t<h3 class=\"elementor-post__title\">\n\t\t\t<a href=\"https:\/\/smart-pro.com.ar\/nuevositio\/queres-empezar-a-vender-articulos-de-tecnologia-esto-es-lo-que-no-puede-faltar-en-tu-local\/\" >\n\t\t\t\t\u00bfQuer\u00e9s empezar a vender art\u00edculos de tecnolog\u00eda? Esto es lo que no puede faltar en tu local\t\t\t<\/a>\n\t\t<\/h3>\n\t\t\t\t<\/div>\n\t\t\t\t<\/article>\n\t\t\t\t<article class=\"elementor-post elementor-grid-item post-116 post type-post status-publish format-standard has-post-thumbnail hentry category-destacado category-novedades\" role=\"listitem\">\n\t\t\t\t<a class=\"elementor-post__thumbnail__link\" href=\"https:\/\/smart-pro.com.ar\/nuevositio\/queres-empezar-a-venderarticulos-de-tecnologiadr-sn-es-lo-que-no-puede-faltar\/\" tabindex=\"-1\" >\n\t\t\t<div class=\"elementor-post__thumbnail\"><img decoding=\"async\" width=\"372\" height=\"320\" src=\"https:\/\/smart-pro.com.ar\/nuevositio\/wp-content\/uploads\/2025\/07\/Recurso-31-.png\" class=\"attachment-full size-full wp-image-119\" alt=\"\" srcset=\"https:\/\/smart-pro.com.ar\/nuevositio\/wp-content\/uploads\/2025\/07\/Recurso-31-.png 372w, https:\/\/smart-pro.com.ar\/nuevositio\/wp-content\/uploads\/2025\/07\/Recurso-31--300x258.png 300w\" sizes=\"(max-width: 372px) 100vw, 372px\" \/><\/div>\n\t\t<\/a>\n\t\t\t\t<div class=\"elementor-post__text\">\n\t\t\t\t<h3 class=\"elementor-post__title\">\n\t\t\t<a href=\"https:\/\/smart-pro.com.ar\/nuevositio\/queres-empezar-a-venderarticulos-de-tecnologiadr-sn-es-lo-que-no-puede-faltar\/\" >\n\t\t\t\t\u00daltimas tendencias en accesorios para celulares\t\t\t<\/a>\n\t\t<\/h3>\n\t\t\t\t<\/div>\n\t\t\t\t<\/article>\n\t\t\t\t<article class=\"elementor-post elementor-grid-item post-1 post type-post status-publish format-standard has-post-thumbnail hentry category-novedades\" role=\"listitem\">\n\t\t\t\t<a class=\"elementor-post__thumbnail__link\" href=\"https:\/\/smart-pro.com.ar\/nuevositio\/cianbox-que-es-y-por-que-es-importante-para-los-clientes\/\" tabindex=\"-1\" >\n\t\t\t<div class=\"elementor-post__thumbnail\"><img loading=\"lazy\" decoding=\"async\" width=\"1280\" height=\"485\" src=\"https:\/\/smart-pro.com.ar\/nuevositio\/wp-content\/uploads\/2013\/11\/23126-Marketing-Para-Crecer-Web-3-06.png\" class=\"attachment-full size-full wp-image-427\" alt=\"\" srcset=\"https:\/\/smart-pro.com.ar\/nuevositio\/wp-content\/uploads\/2013\/11\/23126-Marketing-Para-Crecer-Web-3-06.png 1280w, https:\/\/smart-pro.com.ar\/nuevositio\/wp-content\/uploads\/2013\/11\/23126-Marketing-Para-Crecer-Web-3-06-300x114.png 300w, https:\/\/smart-pro.com.ar\/nuevositio\/wp-content\/uploads\/2013\/11\/23126-Marketing-Para-Crecer-Web-3-06-1024x388.png 1024w, https:\/\/smart-pro.com.ar\/nuevositio\/wp-content\/uploads\/2013\/11\/23126-Marketing-Para-Crecer-Web-3-06-768x291.png 768w\" sizes=\"(max-width: 1280px) 100vw, 1280px\" \/><\/div>\n\t\t<\/a>\n\t\t\t\t<div class=\"elementor-post__text\">\n\t\t\t\t<h3 class=\"elementor-post__title\">\n\t\t\t<a href=\"https:\/\/smart-pro.com.ar\/nuevositio\/cianbox-que-es-y-por-que-es-importante-para-los-clientes\/\" >\n\t\t\t\tCianbox: qu\u00e9 es y por qu\u00e9 es importante para los clientes\t\t\t<\/a>\n\t\t<\/h3>\n\t\t\t\t<\/div>\n\t\t\t\t<\/article>\n\t\t\t\t<\/div>\n\t\t\n\t\t\t\t\t\t<\/div>\n\t\t\t\t<\/div>\n\t\t\t\t\t<\/div>\n\t\t\t\t<\/div>\n\t\t\t\t<\/div>\n\t\t","protected":false},"excerpt":{"rendered":"<p>Novedades<\/p>\n","protected":false},"author":3,"featured_media":0,"parent":0,"menu_order":0,"comment_status":"closed","ping_status":"closed","template":"","meta":{"site-sidebar-layout":"no-sidebar","site-content-layout":"","ast-site-content-layout":"full-width-container","site-content-style":"default","site-sidebar-style":"default","ast-global-header-display":"","ast-banner-title-visibility":"","ast-main-header-display":"","ast-hfb-above-header-display":"","ast-hfb-below-header-display":"","ast-hfb-mobile-header-display":"","site-post-title":"disabled","ast-breadcrumbs-content":"","ast-featured-img":"disabled","footer-sml-layout":"","theme-transparent-header-meta":"","adv-header-id-meta":"","stick-header-meta":"","header-above-stick-meta":"","header-main-stick-meta":"","header-below-stick-meta":"","astra-migrate-meta-layouts":"default","ast-page-background-enabled":"default","ast-page-background-meta":{"desktop":{"background-color":"var(--ast-global-color-5)","background-image":"","background-repeat":"repeat","background-position":"center center","background-size":"auto","background-attachment":"scroll","background-type":"","background-media":"","overlay-type":"","overlay-color":"","overlay-opacity":"","overlay-gradient":""},"tablet":{"background-color":"","background-image":"","background-repeat":"repeat","background-position":"center center","background-size":"auto","background-attachment":"scroll","background-type":"","background-media":"","overlay-type":"","overlay-color":"","overlay-opacity":"","overlay-gradient":""},"mobile":{"background-color":"","background-image":"","background-repeat":"repeat","background-position":"center center","background-size":"auto","background-attachment":"scroll","background-type":"","background-media":"","overlay-type":"","overlay-color":"","overlay-opacity":"","overlay-gradient":""}},"ast-content-background-meta":{"desktop":{"background-color":"var(--ast-global-color-4)","background-image":"","background-repeat":"repeat","background-position":"center center","background-size":"auto","background-attachment":"scroll","background-type":"","background-media":"","overlay-type":"","overlay-color":"","overlay-opacity":"","overlay-gradient":""},"tablet":{"background-color":"var(--ast-global-color-4)","background-image":"","background-repeat":"repeat","background-position":"center center","background-size":"auto","background-attachment":"scroll","background-type":"","background-media":"","overlay-type":"","overlay-color":"","overlay-opacity":"","overlay-gradient":""},"mobile":{"background-color":"var(--ast-global-color-4)","background-image":"","background-repeat":"repeat","background-position":"center center","background-size":"auto","background-attachment":"scroll","background-type":"","background-media":"","overlay-type":"","overlay-color":"","overlay-opacity":"","overlay-gradient":""}},"footnotes":""},"class_list":["post-27","page","type-page","status-publish","hentry"],"_links":{"self":[{"href":"https:\/\/smart-pro.com.ar\/nuevositio\/wp-json\/wp\/v2\/pages\/27","targetHints":{"allow":["GET"]}}],"collection":[{"href":"https:\/\/smart-pro.com.ar\/nuevositio\/wp-json\/wp\/v2\/pages"}],"about":[{"href":"https:\/\/smart-pro.com.ar\/nuevositio\/wp-json\/wp\/v2\/types\/page"}],"author":[{"embeddable":true,"href":"https:\/\/smart-pro.com.ar\/nuevositio\/wp-json\/wp\/v2\/users\/3"}],"replies":[{"embeddable":true,"href":"https:\/\/smart-pro.com.ar\/nuevositio\/wp-json\/wp\/v2\/comments?post=27"}],"version-history":[{"count":5,"href":"https:\/\/smart-pro.com.ar\/nuevositio\/wp-json\/wp\/v2\/pages\/27\/revisions"}],"predecessor-version":[{"id":426,"href":"https:\/\/smart-pro.com.ar\/nuevositio\/wp-json\/wp\/v2\/pages\/27\/revisions\/426"}],"wp:attachment":[{"href":"https:\/\/smart-pro.com.ar\/nuevositio\/wp-json\/wp\/v2\/media?parent=27"}],"curies":[{"name":"wp","href":"https:\/\/api.w.org\/{rel}","templated":true}]}}